{"id":1000,"date":"2010-10-29T14:30:49","date_gmt":"2010-10-29T12:30:49","guid":{"rendered":"http:\/\/lucarne-opposee.fr\/leblog\/?page_id=1000"},"modified":"2011-12-23T15:02:12","modified_gmt":"2011-12-23T13:02:12","slug":"cacamiseta-2011","status":"publish","type":"page","link":"http:\/\/lucarne-opposee.fr\/leblog\/cacamiseta-2011\/","title":{"rendered":"Cacamiseta 2011"},"content":{"rendered":"<p style=\"text-align: center;\"><a href=\"http:\/\/lucarne-opposee.fr\/leblog\/http:\/\/lucarne-opposee.fr\/leblog\/wp-content\/uploads\/2010\/10\/vote.jpg\"><img loading=\"lazy\" decoding=\"async\" class=\"aligncenter size-full wp-image-997\" title=\"vote\" src=\"http:\/\/lucarne-opposee.fr\/leblog\/http:\/\/lucarne-opposee.fr\/leblog\/wp-content\/uploads\/2010\/10\/vote.jpg\" alt=\"\" width=\"600\" height=\"212\" srcset=\"http:\/\/lucarne-opposee.fr\/leblog\/http:\/\/lucarne-opposee.fr\/leblog\/wp-content\/uploads\/2010\/10\/vote.jpg 600w, http:\/\/lucarne-opposee.fr\/leblog\/http:\/\/lucarne-opposee.fr\/leblog\/wp-content\/uploads\/2010\/10\/vote-300x106.jpg 300w, http:\/\/lucarne-opposee.fr\/leblog\/http:\/\/lucarne-opposee.fr\/leblog\/wp-content\/uploads\/2010\/10\/vote-150x53.jpg 150w\" sizes=\"auto, (max-width: 600px) 100vw, 600px\" \/><\/a><\/p>\n<p style=\"text-align: center;\"><strong>Les dix nomm\u00e9s de la Cacamiseta 2011 sont d\u00e9sormais connus. Il est temps de voter.<\/strong><\/p>\n<p>Pour retrouver les nomm\u00e9s :<\/p>\n<p style=\"text-align: justify;\"><a href=\"http:\/\/lucarne-opposee.fr\/leblog\/?p=926\"><span style=\"text-decoration: underline;\"><strong>Bordeaux, Lorient et Lyon<\/strong><\/span><\/a><\/p>\n<p style=\"text-align: justify;\"><a href=\"http:\/\/lucarne-opposee.fr\/leblog\/?p=950\"><span style=\"text-decoration: underline;\"><strong>Lens, Everton et Kas\u0131mpa\u015fa<\/strong><\/span><\/a><\/p>\n<p style=\"text-align: justify;\"><a href=\"http:\/\/lucarne-opposee.fr\/leblog\/?p=974\"><span style=\"text-decoration: underline;\"><strong>Bar\u00e7a et Chelsea : les grands d&rsquo;Europe<\/strong><\/span><\/a><\/p>\n<p style=\"text-align: justify;\"><a href=\"http:\/\/lucarne-opposee.fr\/leblog\/?p=986\"><span style=\"text-decoration: underline;\"><strong>Auxerre et le Werder : parfum vintage<\/strong><\/span><\/a><\/p>\n<p style=\"text-align: justify;\"><span style=\"text-decoration: underline;\"><strong><br \/>\n<\/strong><\/span><\/p>\n<p>Le verdict :<\/p>\n<p style=\"text-align: justify;\"><a href=\"http:\/\/lucarne-opposee.fr\/leblog\/cacamiseta-2011-auxerre-en-champion\/\"><span style=\"text-decoration: underline;\"><strong>Auxerre champion<\/strong><\/span><\/a><\/p>\n<p style=\"text-align: justify;\"><a href=\"http:\/\/lucarne-opposee.fr\/leblog\/cacamiseta-2011-classement-final\/\"><span style=\"text-decoration: underline;\"><strong>Classement final<\/strong><\/span><\/a><\/p>\n","protected":false},"excerpt":{"rendered":"<p class=\"excerpt\">Les dix nomm\u00e9s de la Cacamiseta 2011 sont d\u00e9sormais connus. Il est temps de voter. Pour retrouver les nomm\u00e9s : Bordeaux, Lorient et Lyon Lens, Everton et Kas\u0131mpa\u015fa Bar\u00e7a et Chelsea : les grands d&rsquo;Europe Auxerre et le Werder : parfum vintage Le verdict : Auxerre champion Classement final <a href=\"http:\/\/lucarne-opposee.fr\/leblog\/cacamiseta-2011\/\">Read more &rarr;<\/a><\/p>\n","protected":false},"author":1,"featured_media":0,"parent":0,"menu_order":0,"comment_status":"open","ping_status":"open","template":"","meta":{"om_disable_all_campaigns":false,"_monsterinsights_skip_tracking":false,"_monsterinsights_sitenote_active":false,"_monsterinsights_sitenote_note":"","_monsterinsights_sitenote_category":0,"footnotes":""},"class_list":["post-1000","page","type-page","status-publish","hentry","xfolkentry"],"aioseo_notices":[],"_links":{"self":[{"href":"http:\/\/lucarne-opposee.fr\/leblog\/wp-json\/wp\/v2\/pages\/1000","targetHints":{"allow":["GET"]}}],"collection":[{"href":"http:\/\/lucarne-opposee.fr\/leblog\/wp-json\/wp\/v2\/pages"}],"about":[{"href":"http:\/\/lucarne-opposee.fr\/leblog\/wp-json\/wp\/v2\/types\/page"}],"author":[{"embeddable":true,"href":"http:\/\/lucarne-opposee.fr\/leblog\/wp-json\/wp\/v2\/users\/1"}],"replies":[{"embeddable":true,"href":"http:\/\/lucarne-opposee.fr\/leblog\/wp-json\/wp\/v2\/comments?post=1000"}],"version-history":[{"count":6,"href":"http:\/\/lucarne-opposee.fr\/leblog\/wp-json\/wp\/v2\/pages\/1000\/revisions"}],"predecessor-version":[{"id":1349,"href":"http:\/\/lucarne-opposee.fr\/leblog\/wp-json\/wp\/v2\/pages\/1000\/revisions\/1349"}],"wp:attachment":[{"href":"http:\/\/lucarne-opposee.fr\/leblog\/wp-json\/wp\/v2\/media?parent=1000"}],"curies":[{"name":"wp","href":"https:\/\/api.w.org\/{rel}","templated":true}]}}