{"id":1539,"date":"2011-12-21T15:15:14","date_gmt":"2011-12-21T13:15:14","guid":{"rendered":"http:\/\/lucarne-opposee.fr\/leblog\/?page_id=1539"},"modified":"2011-12-30T23:38:24","modified_gmt":"2011-12-30T21:38:24","slug":"cacamiseta-2012","status":"publish","type":"page","link":"http:\/\/lucarne-opposee.fr\/leblog\/cacamiseta-2012\/","title":{"rendered":"Cacamiseta 2012"},"content":{"rendered":"<p style=\"text-align: center;\"><a href=\"http:\/\/lucarne-opposee.fr\/leblog\/http:\/\/lucarne-opposee.fr\/leblog\/wp-content\/uploads\/2011\/12\/cacamiseta122.jpg\"><img loading=\"lazy\" decoding=\"async\" class=\"aligncenter size-full wp-image-1541\" title=\"cacamiseta12\" src=\"http:\/\/lucarne-opposee.fr\/leblog\/http:\/\/lucarne-opposee.fr\/leblog\/wp-content\/uploads\/2011\/12\/cacamiseta122.jpg\" alt=\"\" width=\"600\" height=\"212\" srcset=\"http:\/\/lucarne-opposee.fr\/leblog\/http:\/\/lucarne-opposee.fr\/leblog\/wp-content\/uploads\/2011\/12\/cacamiseta122.jpg 600w, http:\/\/lucarne-opposee.fr\/leblog\/http:\/\/lucarne-opposee.fr\/leblog\/wp-content\/uploads\/2011\/12\/cacamiseta122-300x106.jpg 300w, http:\/\/lucarne-opposee.fr\/leblog\/http:\/\/lucarne-opposee.fr\/leblog\/wp-content\/uploads\/2011\/12\/cacamiseta122-150x53.jpg 150w\" sizes=\"auto, (max-width: 600px) 100vw, 600px\" \/><\/a><\/p>\n<p style=\"text-align: center;\"><strong>Elisez le pire maillot de la saison !<\/strong><\/p>\n<p><!--more--><\/p>\n<p style=\"text-align: justify;\">Vous avez jusqu&rsquo;au mercredi 28 d\u00e9cembre pour faire votre choix. Bon vote !<\/p>\n<p style=\"text-align: justify;\"><strong>La s\u00e9lection :<\/strong><\/p>\n<p style=\"text-align: center;\"><a href=\"http:\/\/lucarne-opposee.fr\/leblog\/cacamiseta-2012-les-francais\/\"><span style=\"text-decoration: underline;\"><strong>Les fran\u00e7ais<\/strong><\/span><\/a> &#8211; <a href=\"http:\/\/lucarne-opposee.fr\/leblog\/cacamiseta-2012-les-fluos\/\"><span style=\"text-decoration: underline;\"><strong>Les fluos<\/strong><\/span><\/a> &#8211; <a href=\"http:\/\/lucarne-opposee.fr\/leblog\/cacamiseta-2012-les-jaunes\/\"><span style=\"text-decoration: underline;\"><strong>Les jaunes<\/strong><\/span><\/a><\/p>\n<p style=\"text-align: justify;\">Faites la promotion, affichez vos couleurs en t\u00e9l\u00e9chargeant les banni\u00e8res : voir <a href=\"http:\/\/lucarne-opposee.fr\/leblog\/?p=1544\"><u><strong>ici<\/strong><\/u><\/a>.<\/p>\n<p style=\"text-align: justify;\">\n<div style=\"text-align: center;\"><a name=\"pd_a_5779494\"><\/a>\n<div class=\"CSS_Poll PDS_Poll\" id=\"PDI_container5779494\" style=\"display:inline-block;\"><\/div>\n<div id=\"PD_superContainer\"><\/div>\n<script type=\"text\/javascript\" charset=\"UTF-8\" src=\"https:\/\/static.polldaddy.com\/p\/5779494.js\"><\/script>\n<noscript><a href=\"https:\/\/poll.fm\/5779494\">Take Our Poll<\/a><\/noscript><\/div>\n<p style=\"text-align: center;\"><a href=\"http:\/\/lucarne-opposee.fr\/leblog\/http:\/\/lucarne-opposee.fr\/leblog\/wp-content\/uploads\/2011\/12\/etgwin.jpg\"><img loading=\"lazy\" decoding=\"async\" class=\"aligncenter size-full wp-image-1583\" title=\"etgwin\" src=\"http:\/\/lucarne-opposee.fr\/leblog\/http:\/\/lucarne-opposee.fr\/leblog\/wp-content\/uploads\/2011\/12\/etgwin.jpg\" alt=\"\" width=\"600\" height=\"212\" srcset=\"http:\/\/lucarne-opposee.fr\/leblog\/http:\/\/lucarne-opposee.fr\/leblog\/wp-content\/uploads\/2011\/12\/etgwin.jpg 600w, http:\/\/lucarne-opposee.fr\/leblog\/http:\/\/lucarne-opposee.fr\/leblog\/wp-content\/uploads\/2011\/12\/etgwin-300x106.jpg 300w, http:\/\/lucarne-opposee.fr\/leblog\/http:\/\/lucarne-opposee.fr\/leblog\/wp-content\/uploads\/2011\/12\/etgwin-150x53.jpg 150w\" sizes=\"auto, (max-width: 600px) 100vw, 600px\" \/><\/a><\/p>\n<p style=\"text-align: justify;\"><em><\/em><strong>Pour revivre l&rsquo;\u00e9dition 2012 :<\/strong><\/p>\n<p><strong>Les nomm\u00e9s :<\/strong><\/p>\n<p style=\"text-align: justify;\"><a href=\"http:\/\/lucarne-opposee.fr\/leblog\/cacamiseta-2012-les-francais\/\"><span style=\"text-decoration: underline;\"><strong>Cacamiseta 2012 : les fran\u00e7ais<\/strong><\/span><\/a><\/p>\n<p style=\"text-align: justify;\"><a href=\"http:\/\/lucarne-opposee.fr\/leblog\/cacamiseta-2012-les-fluos\/\"><span style=\"text-decoration: underline;\"><strong>Cacamiseta 2012 : les fluos<\/strong><\/span><\/a><\/p>\n<p style=\"text-align: justify;\"><a href=\"http:\/\/lucarne-opposee.fr\/leblog\/cacamiseta-2012-les-jaunes\/\"><span style=\"text-decoration: underline;\"><strong>Cacamiseta 2012 : les jaunes<\/strong><\/span><\/a><\/p>\n<p><strong>Le vainqueur :<\/strong><\/p>\n<p style=\"text-align: justify;\"><a href=\"http:\/\/lucarne-opposee.fr\/leblog\/?p=1582\"><span style=\"text-decoration: underline;\"><strong>L&rsquo;ETG haut la main<\/strong><\/span><\/a><\/p>\n<p style=\"text-align: justify;\"><a href=\"http:\/\/lucarne-opposee.fr\/leblog\/cacamisera-2012-les-resultats\/\"><span style=\"text-decoration: underline;\"><strong>Les r\u00e9sultats<\/strong><\/span><\/a><\/p>\n","protected":false},"excerpt":{"rendered":"<p class=\"excerpt\">Elisez le pire maillot de la saison ! <a href=\"http:\/\/lucarne-opposee.fr\/leblog\/cacamiseta-2012\/\">Read more &rarr;<\/a><\/p>\n","protected":false},"author":1,"featured_media":0,"parent":0,"menu_order":0,"comment_status":"open","ping_status":"open","template":"","meta":{"om_disable_all_campaigns":false,"_monsterinsights_skip_tracking":false,"_monsterinsights_sitenote_active":false,"_monsterinsights_sitenote_note":"","_monsterinsights_sitenote_category":0,"footnotes":""},"class_list":["post-1539","page","type-page","status-publish","hentry","xfolkentry"],"aioseo_notices":[],"_links":{"self":[{"href":"http:\/\/lucarne-opposee.fr\/leblog\/wp-json\/wp\/v2\/pages\/1539","targetHints":{"allow":["GET"]}}],"collection":[{"href":"http:\/\/lucarne-opposee.fr\/leblog\/wp-json\/wp\/v2\/pages"}],"about":[{"href":"http:\/\/lucarne-opposee.fr\/leblog\/wp-json\/wp\/v2\/types\/page"}],"author":[{"embeddable":true,"href":"http:\/\/lucarne-opposee.fr\/leblog\/wp-json\/wp\/v2\/users\/1"}],"replies":[{"embeddable":true,"href":"http:\/\/lucarne-opposee.fr\/leblog\/wp-json\/wp\/v2\/comments?post=1539"}],"version-history":[{"count":8,"href":"http:\/\/lucarne-opposee.fr\/leblog\/wp-json\/wp\/v2\/pages\/1539\/revisions"}],"predecessor-version":[{"id":1604,"href":"http:\/\/lucarne-opposee.fr\/leblog\/wp-json\/wp\/v2\/pages\/1539\/revisions\/1604"}],"wp:attachment":[{"href":"http:\/\/lucarne-opposee.fr\/leblog\/wp-json\/wp\/v2\/media?parent=1539"}],"curies":[{"name":"wp","href":"https:\/\/api.w.org\/{rel}","templated":true}]}}