{"id":1818,"date":"2012-12-07T00:47:20","date_gmt":"2012-12-06T22:47:20","guid":{"rendered":"http:\/\/lucarne-opposee.fr\/leblog\/?page_id=1818"},"modified":"2012-12-17T11:08:41","modified_gmt":"2012-12-17T09:08:41","slug":"cacamiseta-2013","status":"publish","type":"page","link":"http:\/\/lucarne-opposee.fr\/leblog\/cacamiseta-2013\/","title":{"rendered":"Cacamiseta 2013"},"content":{"rendered":"<p style=\"text-align: center;\"><a href=\"http:\/\/lucarne-opposee.fr\/leblog\/http:\/\/lucarne-opposee.fr\/leblog\/wp-content\/uploads\/2012\/12\/cacamiseta2013vote.jpg\"><img loading=\"lazy\" decoding=\"async\" class=\"aligncenter size-full wp-image-1840\" title=\"cacamiseta2013vote\" alt=\"\" src=\"http:\/\/lucarne-opposee.fr\/leblog\/http:\/\/lucarne-opposee.fr\/leblog\/wp-content\/uploads\/2012\/12\/cacamiseta2013vote.jpg\" width=\"600\" height=\"212\" srcset=\"http:\/\/lucarne-opposee.fr\/leblog\/http:\/\/lucarne-opposee.fr\/leblog\/wp-content\/uploads\/2012\/12\/cacamiseta2013vote.jpg 600w, http:\/\/lucarne-opposee.fr\/leblog\/http:\/\/lucarne-opposee.fr\/leblog\/wp-content\/uploads\/2012\/12\/cacamiseta2013vote-300x106.jpg 300w, http:\/\/lucarne-opposee.fr\/leblog\/http:\/\/lucarne-opposee.fr\/leblog\/wp-content\/uploads\/2012\/12\/cacamiseta2013vote-500x176.jpg 500w\" sizes=\"auto, (max-width: 600px) 100vw, 600px\" \/><\/a><\/p>\n<p style=\"text-align: center;\"><strong>Elisez le pire maillot de la saison !<\/strong><\/p>\n<p><!--more--><\/p>\n<p style=\"text-align: justify;\">Vous avez jusqu&rsquo;au vendredi 14 d\u00e9cembre pour faire votre choix. Bon vote !<\/p>\n<p style=\"text-align: justify;\"><strong>La s\u00e9lection :<\/strong><\/p>\n<p style=\"text-align: center;\"><a href=\"http:\/\/lucarne-opposee.fr\/leblog\/cacamiseta-2013-les-francais\/\"><span style=\"text-decoration: underline;\"><strong>Les fran\u00e7ais<\/strong><\/span><\/a> &#8211; <a href=\"http:\/\/lucarne-opposee.fr\/leblog\/cacamiseta-2013-les-outsiders-europeens\/\"><span style=\"text-decoration: underline;\"><strong>Les outsiders europ\u00e9ens<\/strong><\/span><\/a> &#8211; <a href=\"http:\/\/lucarne-opposee.fr\/leblog\/cacamiseta-2013-les-grands-deurope\/\"><span style=\"text-decoration: underline;\"><strong>Les grands d&rsquo;Europe<\/strong><\/span><\/a><\/p>\n<p style=\"text-align: justify;\">Faites la promotion, affichez vos couleurs en t\u00e9l\u00e9chargeant les banni\u00e8res : disponibles <a href=\"http:\/\/lucarne-opposee.fr\/leblog\/?p=1839\"><span style=\"text-decoration: underline;\"><strong>ici<\/strong><\/span><\/a>.<\/p>\n<p style=\"text-align: center;\"><a name=\"pd_a_6748093\"><\/a>\n<div class=\"CSS_Poll PDS_Poll\" id=\"PDI_container6748093\" style=\"display:inline-block;\"><\/div>\n<div id=\"PD_superContainer\"><\/div>\n<script type=\"text\/javascript\" charset=\"UTF-8\" src=\"https:\/\/static.polldaddy.com\/p\/6748093.js\"><\/script>\n<noscript><a href=\"https:\/\/poll.fm\/6748093\">Take Our Poll<\/a><\/noscript><\/p>\n<p style=\"text-align: center;\"><a href=\"http:\/\/lucarne-opposee.fr\/leblog\/http:\/\/lucarne-opposee.fr\/leblog\/wp-content\/uploads\/2012\/12\/barcawin.jpg\"><img loading=\"lazy\" decoding=\"async\" class=\"aligncenter size-full wp-image-1868\" alt=\"Barcelone\" src=\"http:\/\/lucarne-opposee.fr\/leblog\/http:\/\/lucarne-opposee.fr\/leblog\/wp-content\/uploads\/2012\/12\/barcawin.jpg\" width=\"600\" height=\"212\" srcset=\"http:\/\/lucarne-opposee.fr\/leblog\/http:\/\/lucarne-opposee.fr\/leblog\/wp-content\/uploads\/2012\/12\/barcawin.jpg 600w, http:\/\/lucarne-opposee.fr\/leblog\/http:\/\/lucarne-opposee.fr\/leblog\/wp-content\/uploads\/2012\/12\/barcawin-300x106.jpg 300w, http:\/\/lucarne-opposee.fr\/leblog\/http:\/\/lucarne-opposee.fr\/leblog\/wp-content\/uploads\/2012\/12\/barcawin-500x176.jpg 500w\" sizes=\"auto, (max-width: 600px) 100vw, 600px\" \/><\/a><\/p>\n<p style=\"text-align: justify;\"><strong>Pour revivre l&rsquo;\u00e9dition 2013 :<\/strong><\/p>\n<p><strong>Les nomm\u00e9s :<\/strong><\/p>\n<p style=\"text-align: center;\"><a href=\"http:\/\/lucarne-opposee.fr\/leblog\/cacamiseta-2013-les-francais\/\"><span style=\"text-decoration: underline;\"><strong>Les fran\u00e7ais<\/strong><\/span><\/a> &#8211; <a href=\"http:\/\/lucarne-opposee.fr\/leblog\/cacamiseta-2013-les-outsiders-europeens\/\"><span style=\"text-decoration: underline;\"><strong>Les outsiders europ\u00e9ens<\/strong><\/span><\/a> &#8211; <a href=\"http:\/\/lucarne-opposee.fr\/leblog\/cacamiseta-2013-les-grands-deurope\/\"><span style=\"text-decoration: underline;\"><strong>Les grands d&rsquo;Europe<\/strong><\/span><\/a><\/p>\n<p style=\"text-align: justify;\"><strong>Le vainqueur :<\/strong><\/p>\n<p style=\"text-align: justify;\"><a href=\"http:\/\/lucarne-opposee.fr\/leblog\/cacamiseta-2013-barcelone-ecrase-la-concurrence\"><span style=\"text-decoration: underline;\"><strong>Barcelone \u00e9crase la concurrence<\/strong><\/span><\/a><\/p>\n<p style=\"text-align: justify;\"><a href=\"http:\/\/lucarne-opposee.fr\/leblog\/cacamiseta-2013-les-resultats\/\"><span style=\"text-decoration: underline;\"><strong>Les r\u00e9sultats<\/strong><\/span><\/a><\/p>\n","protected":false},"excerpt":{"rendered":"<p class=\"excerpt\">Elisez le pire maillot de la saison ! <a href=\"http:\/\/lucarne-opposee.fr\/leblog\/cacamiseta-2013\/\">Read more &rarr;<\/a><\/p>\n","protected":false},"author":1,"featured_media":0,"parent":0,"menu_order":0,"comment_status":"open","ping_status":"open","template":"","meta":{"om_disable_all_campaigns":false,"_monsterinsights_skip_tracking":false,"_monsterinsights_sitenote_active":false,"_monsterinsights_sitenote_note":"","_monsterinsights_sitenote_category":0,"footnotes":""},"class_list":["post-1818","page","type-page","status-publish","hentry","xfolkentry"],"aioseo_notices":[],"_links":{"self":[{"href":"http:\/\/lucarne-opposee.fr\/leblog\/wp-json\/wp\/v2\/pages\/1818","targetHints":{"allow":["GET"]}}],"collection":[{"href":"http:\/\/lucarne-opposee.fr\/leblog\/wp-json\/wp\/v2\/pages"}],"about":[{"href":"http:\/\/lucarne-opposee.fr\/leblog\/wp-json\/wp\/v2\/types\/page"}],"author":[{"embeddable":true,"href":"http:\/\/lucarne-opposee.fr\/leblog\/wp-json\/wp\/v2\/users\/1"}],"replies":[{"embeddable":true,"href":"http:\/\/lucarne-opposee.fr\/leblog\/wp-json\/wp\/v2\/comments?post=1818"}],"version-history":[{"count":14,"href":"http:\/\/lucarne-opposee.fr\/leblog\/wp-json\/wp\/v2\/pages\/1818\/revisions"}],"predecessor-version":[{"id":1859,"href":"http:\/\/lucarne-opposee.fr\/leblog\/wp-json\/wp\/v2\/pages\/1818\/revisions\/1859"}],"wp:attachment":[{"href":"http:\/\/lucarne-opposee.fr\/leblog\/wp-json\/wp\/v2\/media?parent=1818"}],"curies":[{"name":"wp","href":"https:\/\/api.w.org\/{rel}","templated":true}]}}