{"id":187,"date":"2010-02-04T12:51:48","date_gmt":"2010-02-04T10:51:48","guid":{"rendered":"http:\/\/lucarne-opposee.fr\/leblog\/?page_id=187"},"modified":"2011-12-23T15:02:58","modified_gmt":"2011-12-23T13:02:58","slug":"election-2010-du-maillot-le-plus-laid","status":"publish","type":"page","link":"http:\/\/lucarne-opposee.fr\/leblog\/election-2010-du-maillot-le-plus-laid\/","title":{"rendered":"Cacamiseta 2010"},"content":{"rendered":"<p style=\"text-align: center;\"><a href=\"http:\/\/lucarne-opposee.fr\/leblog\/http:\/\/lucarne-opposee.fr\/leblog\/wp-content\/uploads\/2010\/02\/cacamiseta.jpg\"><img loading=\"lazy\" decoding=\"async\" class=\"size-full wp-image-191  aligncenter\" title=\"Logo Cacamiseta 2010\" src=\"http:\/\/lucarne-opposee.fr\/leblog\/http:\/\/lucarne-opposee.fr\/leblog\/wp-content\/uploads\/2010\/02\/cacamiseta.jpg\" alt=\"\" width=\"480\" height=\"172\" srcset=\"http:\/\/lucarne-opposee.fr\/leblog\/http:\/\/lucarne-opposee.fr\/leblog\/wp-content\/uploads\/2010\/02\/cacamiseta.jpg 600w, http:\/\/lucarne-opposee.fr\/leblog\/http:\/\/lucarne-opposee.fr\/leblog\/wp-content\/uploads\/2010\/02\/cacamiseta-300x107.jpg 300w, http:\/\/lucarne-opposee.fr\/leblog\/http:\/\/lucarne-opposee.fr\/leblog\/wp-content\/uploads\/2010\/02\/cacamiseta-150x53.jpg 150w\" sizes=\"auto, (max-width: 480px) 100vw, 480px\" \/><\/a><\/p>\n<h3 style=\"text-align: center;\"><strong><span style=\"color: #000000;\">R\u00e9compensons les rois du marketing ! <\/span><\/strong><\/h3>\n<h3 style=\"text-align: center;\"><strong><span style=\"color: #000000;\">Election du pire maillot de la saison 2010<\/span><\/strong><\/h3>\n<p><strong><span style=\"color: #000000;\"> <\/span><\/strong><\/p>\n<p><strong><span style=\"color: #000000;\">Pr\u00e9sentation de la comp\u00e9tition : <a href=\"http:\/\/lucarne-opposee.fr\/leblog\/?p=203\"><span style=\"text-decoration: underline;\">Cacamiseta 2010 : 1\u00e8re \u00e9tape<\/span><\/a><\/span><\/strong><br \/>\n<strong><span style=\"color: #000000;\">Ouverture des votes : <a href=\"http:\/\/lucarne-opposee.fr\/leblog\/?p=219\"><span style=\"text-decoration: underline;\">Cacamiseta 2010 : 2\u00e8me \u00e9tape<\/span><\/a><\/span><\/strong><br \/>\n<strong><span style=\"color: #000000;\">Derni\u00e8re ligne droite : <a href=\"http:\/\/lucarne-opposee.fr\/leblog\/?p=275\"><span style=\"text-decoration: underline;\">Cacamiseta 2010 : 3\u00e8me \u00e9tape<\/span><\/a><\/span><\/strong><br \/>\n<strong><span style=\"color: #000000;\">Les r\u00e9sultats : <a href=\"http:\/\/lucarne-opposee.fr\/leblog\/?p=315\"><span style=\"text-decoration: underline;\">Cacamiseta 2010 : Bordeaux rafle la mise<\/span><\/a><\/span><\/strong><br \/>\n<strong><span style=\"color: #000000;\">Les r\u00e9sultats : <a href=\"http:\/\/lucarne-opposee.fr\/leblog\/?p=322\"><span style=\"text-decoration: underline;\">Cacamiseta 2010 : Le classement final<\/span><\/a><\/span><\/strong><\/p>\n","protected":false},"excerpt":{"rendered":"<p class=\"excerpt\">R\u00e9compensons les rois du marketing ! Election du pire maillot de la saison 2010 Pr\u00e9sentation de la comp\u00e9tition : Cacamiseta 2010 : 1\u00e8re \u00e9tape Ouverture des votes : Cacamiseta 2010 : 2\u00e8me \u00e9tape Derni\u00e8re ligne droite : Cacamiseta 2010 : 3\u00e8me \u00e9tape Les r\u00e9sultats : Cacamiseta 2010 : Bordeaux rafle la mise Les r\u00e9sultats : Cacamiseta 2010 : Le classement&hellip; <a href=\"http:\/\/lucarne-opposee.fr\/leblog\/election-2010-du-maillot-le-plus-laid\/\">Read more &rarr;<\/a><\/p>\n","protected":false},"author":1,"featured_media":0,"parent":0,"menu_order":0,"comment_status":"open","ping_status":"open","template":"","meta":{"om_disable_all_campaigns":false,"_monsterinsights_skip_tracking":false,"_monsterinsights_sitenote_active":false,"_monsterinsights_sitenote_note":"","_monsterinsights_sitenote_category":0,"footnotes":""},"class_list":["post-187","page","type-page","status-publish","hentry","xfolkentry"],"aioseo_notices":[],"_links":{"self":[{"href":"http:\/\/lucarne-opposee.fr\/leblog\/wp-json\/wp\/v2\/pages\/187","targetHints":{"allow":["GET"]}}],"collection":[{"href":"http:\/\/lucarne-opposee.fr\/leblog\/wp-json\/wp\/v2\/pages"}],"about":[{"href":"http:\/\/lucarne-opposee.fr\/leblog\/wp-json\/wp\/v2\/types\/page"}],"author":[{"embeddable":true,"href":"http:\/\/lucarne-opposee.fr\/leblog\/wp-json\/wp\/v2\/users\/1"}],"replies":[{"embeddable":true,"href":"http:\/\/lucarne-opposee.fr\/leblog\/wp-json\/wp\/v2\/comments?post=187"}],"version-history":[{"count":20,"href":"http:\/\/lucarne-opposee.fr\/leblog\/wp-json\/wp\/v2\/pages\/187\/revisions"}],"predecessor-version":[{"id":188,"href":"http:\/\/lucarne-opposee.fr\/leblog\/wp-json\/wp\/v2\/pages\/187\/revisions\/188"}],"wp:attachment":[{"href":"http:\/\/lucarne-opposee.fr\/leblog\/wp-json\/wp\/v2\/media?parent=187"}],"curies":[{"name":"wp","href":"https:\/\/api.w.org\/{rel}","templated":true}]}}