{"id":2844,"date":"2015-12-22T20:14:38","date_gmt":"2015-12-22T18:14:38","guid":{"rendered":"http:\/\/lucarne-opposee.fr\/leblog\/?page_id=2844"},"modified":"2017-01-06T14:48:04","modified_gmt":"2017-01-06T12:48:04","slug":"cacamiseta-2016","status":"publish","type":"page","link":"http:\/\/lucarne-opposee.fr\/leblog\/cacamiseta-2016\/","title":{"rendered":"Cacamiseta 2016"},"content":{"rendered":"<p style=\"text-align: center;\"><a href=\"http:\/\/lucarne-opposee.fr\/leblog\/http:\/\/lucarne-opposee.fr\/leblog\/wp-content\/uploads\/2015\/12\/cacamiseta16.jpg\" rel=\"attachment wp-att-2845\"><img loading=\"lazy\" decoding=\"async\" class=\"aligncenter size-full wp-image-2845\" src=\"http:\/\/lucarne-opposee.fr\/leblog\/http:\/\/lucarne-opposee.fr\/leblog\/wp-content\/uploads\/2015\/12\/cacamiseta16.jpg\" alt=\"cacamiseta16\" width=\"600\" height=\"212\" srcset=\"http:\/\/lucarne-opposee.fr\/leblog\/http:\/\/lucarne-opposee.fr\/leblog\/wp-content\/uploads\/2015\/12\/cacamiseta16.jpg 600w, http:\/\/lucarne-opposee.fr\/leblog\/http:\/\/lucarne-opposee.fr\/leblog\/wp-content\/uploads\/2015\/12\/cacamiseta16-300x106.jpg 300w\" sizes=\"auto, (max-width: 600px) 100vw, 600px\" \/><\/a><\/p>\n<p style=\"text-align: center;\"><strong>Elisez le pire maillot de la saison 2O15\/2016. Les bureaux de vote ouvrent le 23 d\u00e9cembre<\/strong><!--more--><\/p>\n<p style=\"text-align: justify;\">Audace visuel, choix de couleurs peu judicieux, classicisme et nouveaut\u00e9, voici les 10 finalistes de l&rsquo;\u00e9dition 2016. A vous de d\u00e9signer le vainqueur.<\/p>\n<p style=\"text-align: center;\"><a href=\"http:\/\/lucarne-opposee.fr\/leblog\/http:\/\/lucarne-opposee.fr\/leblog\/wp-content\/uploads\/2015\/12\/liste.jpg\" rel=\"attachment wp-att-2846\"><img loading=\"lazy\" decoding=\"async\" class=\"aligncenter size-large wp-image-2846\" src=\"http:\/\/lucarne-opposee.fr\/leblog\/http:\/\/lucarne-opposee.fr\/leblog\/wp-content\/uploads\/2015\/12\/liste-1024x729.jpg\" alt=\"liste\" width=\"945\" height=\"673\" srcset=\"http:\/\/lucarne-opposee.fr\/leblog\/http:\/\/lucarne-opposee.fr\/leblog\/wp-content\/uploads\/2015\/12\/liste-1024x729.jpg 1024w, http:\/\/lucarne-opposee.fr\/leblog\/http:\/\/lucarne-opposee.fr\/leblog\/wp-content\/uploads\/2015\/12\/liste-300x214.jpg 300w, http:\/\/lucarne-opposee.fr\/leblog\/http:\/\/lucarne-opposee.fr\/leblog\/wp-content\/uploads\/2015\/12\/liste-768x547.jpg 768w, http:\/\/lucarne-opposee.fr\/leblog\/http:\/\/lucarne-opposee.fr\/leblog\/wp-content\/uploads\/2015\/12\/liste-900x641.jpg 900w\" sizes=\"auto, (max-width: 945px) 100vw, 945px\" \/><\/a><\/p>\n<p>&nbsp;<\/p>\n<p style=\"text-align: justify;\"><strong>Les articles<\/strong><\/p>\n<p style=\"text-align: center;\"><a style=\"color: #0000ff;\" href=\"http:\/\/lucarne-opposee.fr\/leblog\/cacamiseta-2016-coup-denvoi\/\"><span style=\"text-decoration: underline;\"><strong>Coup d&rsquo;envoi<\/strong><\/span><\/a><\/p>\n<p style=\"text-align: justify;\"><strong>La s\u00e9lection<\/strong><\/p>\n<p style=\"text-align: center;\"><strong><span style=\"text-decoration: underline;\"><a style=\"color: #0000ff;\" href=\"http:\/\/lucarne-opposee.fr\/leblog\/cacamiseta-2016-lecole-allemande\/\">L&rsquo;\u00e9cole allemande<\/a><\/span> &#8211;&nbsp;<strong><span style=\"text-decoration: underline;\"><a style=\"color: #0000ff;\" href=\"http:\/\/lucarne-opposee.fr\/leblog\/cacamiseta-2016-les-specialistes\/\">Les sp\u00e9cialistes<\/a><\/span> &#8211;&nbsp;<span style=\"text-decoration: underline;\"><a style=\"color: #0000ff;\" href=\"http:\/\/lucarne-opposee.fr\/leblog\/cacamiseta-2016-les-ambitieux\/\">Les ambitieux<\/a><\/span> &#8211;&nbsp;<span style=\"text-decoration: underline;\"><a style=\"color: #0000ff;\" href=\"http:\/\/lucarne-opposee.fr\/leblog\/cacamiseta-2016-les-nouveaux-templates\/\">Les nouveaux templates<\/a><\/span><\/strong><\/strong><\/p>\n<p style=\"text-align: justify;\"><strong>Le vainqueur<\/strong><\/p>\n<p style=\"text-align: center;\"><a style=\"color: #0000ff;\" href=\"http:\/\/lucarne-opposee.fr\/leblog\/cacamiseta-2016-sur-un-air-de-carnaval\/\"><span style=\"text-decoration: underline;\"><strong>Sur un air de carnaval<\/strong><\/span><\/a><\/p>\n<p style=\"text-align: justify;\"><strong>Le&nbsp;palmar\u00e8s<\/strong><\/p>\n<p style=\"text-align: justify;\">&#8211; 2010 : <a style=\"color: #0000ff;\" href=\"http:\/\/lucarne-opposee.fr\/leblog\/election-2010-du-maillot-le-plus-laid\/\"><span style=\"text-decoration: underline;\"><strong>Bordeaux<\/strong><\/span><\/a><\/p>\n<p style=\"text-align: justify;\">&#8211; 2011 : <a style=\"color: #0000ff;\" href=\"http:\/\/lucarne-opposee.fr\/leblog\/cacamiseta-2011\/\"><span style=\"text-decoration: underline;\"><strong>Auxerre<\/strong><\/span><\/a><\/p>\n<p style=\"text-align: justify;\">&#8211; 2012 : <a style=\"color: #0000ff;\" href=\"http:\/\/lucarne-opposee.fr\/leblog\/cacamiseta-2012\/\"><span style=\"text-decoration: underline;\"><strong>Evian Thonon Gaillard<\/strong><\/span><\/a><\/p>\n<p style=\"text-align: justify;\">&#8211; 2013 : <a style=\"color: #0000ff;\" href=\"http:\/\/lucarne-opposee.fr\/leblog\/cacamiseta-2013\/\"><span style=\"text-decoration: underline;\"><strong>Barcelone<\/strong><\/span><\/a><\/p>\n<p style=\"text-align: justify;\">&#8211; 2014 : <a style=\"color: #0000ff;\" href=\"http:\/\/lucarne-opposee.fr\/leblog\/cacamiseta-2014\/\"><span style=\"text-decoration: underline;\"><strong>Liverpool<\/strong><\/span><\/a><\/p>\n<p style=\"text-align: justify;\">&#8211; 2015 : <a style=\"color: #0000ff;\" href=\"http:\/\/lucarne-opposee.fr\/leblog\/tag\/cacamiseta-2015\/\"><span style=\"text-decoration: underline;\"><strong>St Mirren<\/strong><\/span><\/a><\/p>\n","protected":false},"excerpt":{"rendered":"<p class=\"excerpt\">Elisez le pire maillot de la saison 2O15\/2016. Les bureaux de vote ouvrent le 23 d\u00e9cembre <a href=\"http:\/\/lucarne-opposee.fr\/leblog\/cacamiseta-2016\/\">Read more &rarr;<\/a><\/p>\n","protected":false},"author":1,"featured_media":2845,"parent":0,"menu_order":0,"comment_status":"closed","ping_status":"closed","template":"","meta":{"om_disable_all_campaigns":false,"_monsterinsights_skip_tracking":false,"_monsterinsights_sitenote_active":false,"_monsterinsights_sitenote_note":"","_monsterinsights_sitenote_category":0,"footnotes":""},"class_list":["post-2844","page","type-page","status-publish","has-post-thumbnail","hentry","xfolkentry"],"aioseo_notices":[],"_links":{"self":[{"href":"http:\/\/lucarne-opposee.fr\/leblog\/wp-json\/wp\/v2\/pages\/2844","targetHints":{"allow":["GET"]}}],"collection":[{"href":"http:\/\/lucarne-opposee.fr\/leblog\/wp-json\/wp\/v2\/pages"}],"about":[{"href":"http:\/\/lucarne-opposee.fr\/leblog\/wp-json\/wp\/v2\/types\/page"}],"author":[{"embeddable":true,"href":"http:\/\/lucarne-opposee.fr\/leblog\/wp-json\/wp\/v2\/users\/1"}],"replies":[{"embeddable":true,"href":"http:\/\/lucarne-opposee.fr\/leblog\/wp-json\/wp\/v2\/comments?post=2844"}],"version-history":[{"count":5,"href":"http:\/\/lucarne-opposee.fr\/leblog\/wp-json\/wp\/v2\/pages\/2844\/revisions"}],"predecessor-version":[{"id":2901,"href":"http:\/\/lucarne-opposee.fr\/leblog\/wp-json\/wp\/v2\/pages\/2844\/revisions\/2901"}],"wp:featuredmedia":[{"embeddable":true,"href":"http:\/\/lucarne-opposee.fr\/leblog\/wp-json\/wp\/v2\/media\/2845"}],"wp:attachment":[{"href":"http:\/\/lucarne-opposee.fr\/leblog\/wp-json\/wp\/v2\/media?parent=2844"}],"curies":[{"name":"wp","href":"https:\/\/api.w.org\/{rel}","templated":true}]}}